
{"id":18,"date":"2024-05-29T11:31:50","date_gmt":"2024-05-29T09:31:50","guid":{"rendered":"https:\/\/przedszkole110.edu.wroclaw.pl\/?page_id=18"},"modified":"2026-03-12T08:25:54","modified_gmt":"2026-03-12T07:25:54","slug":"rekrutacja","status":"publish","type":"page","link":"https:\/\/przedszkole110.edu.wroclaw.pl\/index.php\/rekrutacja\/","title":{"rendered":"Rekrutacja"},"content":{"rendered":"<div class=\"wpb-content-wrapper\"><p>[vc_row][vc_column][vc_column_text css=&#8221;&#8221;]<strong><img loading=\"lazy\" decoding=\"async\" src=\"https:\/\/przedszkole94wroclaw.edupage.org\/global\/pics\/skins\/background2\/back_bottom_1.png\" alt=\"Witamy w nowym roku szkolnym 2018\/2019\" width=\"1129\" height=\"98\" \/><br \/>\n<\/strong><\/p>\n<p style=\"text-align: center\">Szanowni Rodzice, rekrutacja do naszego przedszkola na rok szkolny 2026\/2027 rozpocznie si\u0119 w marcu 2026r.<\/p>\n<p style=\"text-align: center\"><strong>Poni\u017cej mo\u017cna znale\u017a\u0107 wszystkie dokumenty dotycz\u0105ce rekrutacji.<\/strong><\/p>\n<p><a href=\"https:\/\/przedszkole110.edu.wroclaw.pl\/wp-content\/uploads\/sites\/84\/2026\/03\/ODWOLANIA.docx\">ODWO\u0141ANIA<\/a><\/p>\n<p><a href=\"https:\/\/przedszkole110.edu.wroclaw.pl\/wp-content\/uploads\/sites\/84\/2026\/03\/PODSTAWY-PRAWNE.docx\">PODSTAWY PRAWNE<\/a><\/p>\n<p><a href=\"https:\/\/przedszkole110.edu.wroclaw.pl\/wp-content\/uploads\/sites\/84\/2026\/03\/DOCHOD.docx\">DOCH\u00d3D<\/a><\/p>\n<p><a href=\"https:\/\/przedszkole110.edu.wroclaw.pl\/wp-content\/uploads\/sites\/84\/2026\/03\/DZIECI-O-SPECJALNYCH-POTRZEBACH.docx\">DZIECI O SPECJALNYCH POTRZEBACH<\/a><\/p>\n<p><a href=\"https:\/\/przedszkole110.edu.wroclaw.pl\/wp-content\/uploads\/sites\/84\/2026\/03\/KOMUNIKAT.docx\">KOMUNIKAT<\/a><\/p>\n<p><a href=\"https:\/\/przedszkole110.edu.wroclaw.pl\/wp-content\/uploads\/sites\/84\/2026\/03\/KRYTERIA-.docx\">KRYTERIA<\/a><\/p>\n<p><a href=\"https:\/\/przedszkole110.edu.wroclaw.pl\/wp-content\/uploads\/sites\/84\/2026\/03\/SAMOTNE-WYCHOWANIE.docx\">SAMOTNE WYCHOWANIE<\/a><\/p>\n<p><a href=\"https:\/\/przedszkole110.edu.wroclaw.pl\/wp-content\/uploads\/sites\/84\/2026\/03\/WSPARCIE-TECHNICZNE.docx\">WSPARCIE TECHNICZNE<\/a>[\/vc_column_text][\/vc_column][\/vc_row]<\/p>\n<\/div>","protected":false},"excerpt":{"rendered":"<p>[vc_row][vc_column][vc_column_text css=&#8221;&#8221;] Szanowni Rodzice, rekrutacja do naszego przedszkola na rok szkolny 2026\/2027 rozpocznie si\u0119 w marcu 2026r. Poni\u017cej mo\u017cna znale\u017a\u0107 wszystkie dokumenty dotycz\u0105ce rekrutacji. ODWO\u0141ANIA PODSTAWY PRAWNE DOCH\u00d3D DZIECI O [&hellip;]<\/p>\n","protected":false},"author":7,"featured_media":0,"parent":0,"menu_order":0,"comment_status":"closed","ping_status":"closed","template":"","meta":{"footnotes":""},"class_list":["post-18","page","type-page","status-publish","hentry","clearfix"],"_links":{"self":[{"href":"https:\/\/przedszkole110.edu.wroclaw.pl\/index.php\/wp-json\/wp\/v2\/pages\/18","targetHints":{"allow":["GET"]}}],"collection":[{"href":"https:\/\/przedszkole110.edu.wroclaw.pl\/index.php\/wp-json\/wp\/v2\/pages"}],"about":[{"href":"https:\/\/przedszkole110.edu.wroclaw.pl\/index.php\/wp-json\/wp\/v2\/types\/page"}],"author":[{"embeddable":true,"href":"https:\/\/przedszkole110.edu.wroclaw.pl\/index.php\/wp-json\/wp\/v2\/users\/7"}],"replies":[{"embeddable":true,"href":"https:\/\/przedszkole110.edu.wroclaw.pl\/index.php\/wp-json\/wp\/v2\/comments?post=18"}],"version-history":[{"count":11,"href":"https:\/\/przedszkole110.edu.wroclaw.pl\/index.php\/wp-json\/wp\/v2\/pages\/18\/revisions"}],"predecessor-version":[{"id":2054,"href":"https:\/\/przedszkole110.edu.wroclaw.pl\/index.php\/wp-json\/wp\/v2\/pages\/18\/revisions\/2054"}],"wp:attachment":[{"href":"https:\/\/przedszkole110.edu.wroclaw.pl\/index.php\/wp-json\/wp\/v2\/media?parent=18"}],"curies":[{"name":"wp","href":"https:\/\/api.w.org\/{rel}","templated":true}]}}