
{"id":410,"date":"2024-08-23T11:20:45","date_gmt":"2024-08-23T09:20:45","guid":{"rendered":"https:\/\/przedszkole110.edu.wroclaw.pl\/?page_id=410"},"modified":"2024-08-29T12:59:15","modified_gmt":"2024-08-29T10:59:15","slug":"prawa-dziecka","status":"publish","type":"page","link":"https:\/\/przedszkole110.edu.wroclaw.pl\/index.php\/prawa-dziecka\/","title":{"rendered":"Prawa dziecka"},"content":{"rendered":"<h2 style=\"text-align: center;\">Konwencja Praw Dziecka<\/h2>\n<p style=\"text-align: center;\">Musimy budowa\u0107 \u015bwiat w kt\u00f3rym \u017cadne dziecko nie b\u0119dzie pozbawione prawa do \u017cycia w pokoju i bezpiecze\u0144stwie, w trwa\u0142ej rodzinie, prawa do wzrastania w atmosferze wolnej od l\u0119ku i niepokoju<\/p>\n<p style=\"text-align: right;\">Jan Pawe\u0142 II<\/p>\n<p>\u017byjemy w \u015bwiecie dojrzewaj\u0105cej demokracji, ci\u0105gle uczymy si\u0119 rozumie\u0107 swoje prawa, korzysta\u0107 z szeroko poj\u0119tej wolno\u015bci, tak aby \u017cy\u0107 w\u00a0zgodzie z wy\u017cszymi warto\u015bciami jakimi s\u0105: pok\u00f3j, sprawiedliwo\u015b\u0107 i tolerancja. Mamy swoje prawa, ale r\u00f3wnie\u017c i\u00a0dzieci b\u0119d\u0105c cz\u0119\u015bci\u0105 spo\u0142ecze\u0144stwa korzystaj\u0105 ze swoich praw zawartych w Konstytucji Rzeczypospolitej Polskiej i\u00a0Konwencji\u00a0Praw\u00a0Dziecka.<\/p>\n<h3>Konwencja Praw Dziecka<\/h3>\n<p>zosta\u0142a uchwalona przez Zgromadzenie Og\u00f3lne Narod\u00f3w Zjednoczonych w 1980 roku, a\u00a0przez\u00a0Polsk\u0119 ratyfikowana w 1991 roku. Zgodnie z Konwencj\u0105 dziecko jest\u00a0podmiotem praw i wolno\u015bci, a nie przedmiotem praw innych os\u00f3b. Konwencja z uwagi na dobro dziecka nak\u0142ada na rodzic\u00f3w i wszystkie inne osoby, w tym r\u00f3wnie\u017c nauczycieli oraz\u00a0organy w\u0142adzy pa\u0144stwowej obowi\u0105zek kierowania si\u0119 we wszelkich dzia\u0142aniach trosk\u0105 o najlepiej poj\u0119ty interes dziecka. Przewiduje r\u00f3wnie\u017c obowi\u0105zek pa\u0144stwa do zabezpieczenia zdrowotnych i\u00a0wychowawczo &#8211; bytowych potrzeb dziecka.<\/p>\n<h3>Prawa zawarte w Konwencji zebrane s\u0105 w trzech kategoriach:<\/h3>\n<ul>\n<li>zapewnienia &#8211;\u00a0prawo do posiadania, otrzymywania lub dost\u0119pu do pewnych d\u00f3br i \u015bwiadcze\u0144 np. imienia, obywatelstwa, opieki\u00a0zdrowotnej edukacji, odpoczynku, zabawy, prawo do opieki nad sierotami i osobami niepe\u0142nosprawnymi,<\/li>\n<li>ochrony &#8211;\u00a0prawo do ochrony przed szkodliwymi dzia\u0142aniami i praktykami np.: separacji od rodzic\u00f3w, zaanga\u017cowania w dzia\u0142ania wojenne, handlowego i seksualnego wykorzystywania, fizycznej i psychicznej przemocy wobec dziecka<\/li>\n<li>uczestnictwa &#8211;\u00a0prawo dziecka do bycia wys\u0142uchanym przy podejmowaniu decyzji dotycz\u0105cych jego \u017cycia. Wraz z rozwojem umiej\u0119tno\u015bci dziecko powinno mie\u0107 rosn\u0105ce mo\u017cliwo\u015bci brania udzia\u0142u w \u017cyciu spo\u0142ecznym.<\/li>\n<\/ul>\n<p>Konwencja przypomina r\u00f3wnie\u017c znaczenie rodziny dla harmonijnego rozwoju dziecka. Rodzice winni zapewni\u0107 dziecku jak\u00a0najlepsze warunki rozwoju w pe\u0142nej akceptacji, zrozumieniu, w poszanowaniu jego godno\u015bci osobistej. W poczuciu wi\u0119zi\u00a0rodzinnej, w atmosferze mi\u0142o\u015bci i wzajemnej tolerancji dziecko uczy si\u0119 dostrzega\u0107 \u015bwiat poprzez pryzmat w\u0142a\u015bciwie rozumianej wolno\u015bci i sprawiedliwo\u015bci. Czuje si\u0119 kochane i wa\u017cne, ale r\u00f3wnie\u017c rozumie wa\u017cno\u015b\u0107 innych i ich potrzeby. Negatywnym zjawiskiem jest przemoc doros\u0142ych wobec dzieci. Nie nale\u017cy wi\u0119c by\u0107 na to oboj\u0119tnym.<\/p>\n<p>Nauczyciele przedszkoli i szk\u00f3\u0142 tak\u017ce ponosz\u0105 odpowiedzialno\u015b\u0107 za przysz\u0142e losy swoich wychowank\u00f3w. Wyposa\u017caj\u0105c dzieci w\u00a0odpowiednie umiej\u0119tno\u015bci, wiedz\u0119 oraz postawy, ju\u017c od najm\u0142odszych lat u\u015bwiadamiaj\u0105 im, jak wa\u017cne s\u0105 prawa dziecka, dlaczego powinny by\u0107 przestrzegane i chronione.<\/p>\n<p>Im wcze\u015bniej dziecko styka si\u0119 z warto\u015bciami wy\u017cszymi takimi, jak:\u00a0sprawiedliwo\u015b\u0107, tolerancja, poszanowanie godno\u015bci i\u00a0wolno\u015bci innych,\u00a0tym \u0142atwiej podlega procesowi socjalizacji.\u00a0Uczenie poszanowania praw innych i radzenia sobie w sytuacjach naruszania praw w\u0142asnych, jest elementem wychowania przygotowuj\u0105cego do \u017cycia w spo\u0142ecze\u0144stwie demokratycznym.<\/p>\n<p>Dnia 7 lipca 2015 r. min\u0119\u0142y 24 lata od chwili, kiedy w Polsce zacz\u0119\u0142a obowi\u0105zywa\u0107 Konwencja o Prawach Dziecka. Polska by\u0142a jednym z inicjator\u00f3w Konwencji i przyst\u0105pi\u0142a do niej jako jedno z pierwszych pa\u0144stw, jednak\u017ce do\u015b\u0107 d\u0142ugi proces ratyfikacji spowodowa\u0142, \u017ce sta\u0142a si\u0119 ona faktem dopiero w lipcu 1991 r., mimo \u017ce Zgromadzenie Og\u00f3lne Narod\u00f3w Zjednoczonych przyj\u0119\u0142o j\u0105 20 listopada 1989 r. Konwencja dotyczy dzieci i m\u0142odzie\u017cy od urodzenia do 18 roku \u017cycia, dlatego te\u017c cz\u0119sto bywa nazywana \u015awiatow\u0105 Konstytucj\u0105 Praw Dziecka.<\/p>\n<h3>Ustanawia ona status dziecka oparty na nast\u0119puj\u0105cych za\u0142o\u017ceniach:<\/h3>\n<ol>\n<li>Dziecko jest samodzielnym podmiotem, jednak\u017ce ze wzgl\u0119du na swoj\u0105 naturaln\u0105 niedojrza\u0142o\u015b\u0107 fizyczn\u0105 i psychiczn\u0105 powinno by\u0107 otoczone szczeg\u00f3ln\u0105 opiek\u0105 wychowawcz\u0105 i ochron\u0105 prawn\u0105.<\/li>\n<li>Dziecku nale\u017cy si\u0119 poszanowanie przede wszystkim jego to\u017csamo\u015bci, godno\u015bci i prywatno\u015bci.<\/li>\n<li>Pa\u0144stwo powinno wspiera\u0107 rodzin\u0119, a nie wyr\u0119cza\u0107 jej w jej funkcjonowaniu.<\/li>\n<\/ol>\n<h3>Tworz\u0105c system ochrony dziecka, kierowano si\u0119 nast\u0119puj\u0105cymi zasadami:<\/h3>\n<ul>\n<li>dzia\u0142ania na rzecz dziecka s\u0105 podejmowane w jego najlepiej poj\u0119tym interesie<\/li>\n<li>wszystkie dzieci s\u0105 r\u00f3wne wobec prawa<\/li>\n<li>dzieci maj\u0105 prawo do optymalnego rozwoju i wychowania<\/li>\n<li>pa\u0144stwo zapewnia odpowiednie warunki socjalne i zdrowotne rodzinom.<\/li>\n<\/ul>\n<h3 style=\"text-align: center;\">Prawa dziecka zawarte w Konwencji obejmuj\u0105:<\/h3>\n<ul>\n<li>Prawa i wolno\u015bci osobiste:\u00a0do \u017cycia, rozwoju, to\u017csamo\u015bci (nazwisko, imi\u0119, obywatelstwo, wiedza o swoim pochodzeniu), prywatno\u015bci, godno\u015bci, szacunku, nietykalno\u015bci osobistej, wyznawania w\u0142asnych pogl\u0105d\u00f3w, religii, wyst\u0119powania we w\u0142asnym imieniu w sprawach administracyjnych i s\u0105dowych, do wychowania w rodzinie i kontakt\u00f3w z rodzicami w przypadku roz\u0142\u0105czenia z nimi, do wolno\u015bci od przemocy fizycznej i psychicznej, wyzysku, nadu\u017cy\u0107 seksualnych i wszelkiego okrucie\u0144stwa, nierekrutowania do wojska poni\u017cej 15. roku \u017cycia.<\/li>\n<li>Prawa socjalne: do odpowiedniego standardu \u017cycia, ochrony zdrowia, zabezpieczenia socjalnego, wypoczynku i czasu wolnego.<\/li>\n<li>Prawa kulturalne: do nauki (bezp\u0142atna i obowi\u0105zkowa w zakresie szko\u0142y podstawowej i gimnazjum), korzystania z d\u00f3br kultury, informacji, znajomo\u015bci w\u0142asnych praw.<\/li>\n<li>Prawa polityczne: do stowarzyszania si\u0119 i zgromadze\u0144 w celach pokojowych.<\/li>\n<\/ul>\n<h4>Konwencja przyznaje szczeg\u00f3lne prawa do ochrony w przypadku:<\/h4>\n<ul>\n<li>upo\u015bledzenia, niepe\u0142nosprawno\u015bci<\/li>\n<li>pozbawienia dziecka \u015brodowiska naturalnego (zapewnienie \u015brodowiska zast\u0119pczego, w tym umo\u017cliwienie adopcji)<\/li>\n<li>uchod\u017ac\u00f3w i mniejszo\u015bci etnicznych (prawo do w\u0142asnego j\u0119zyka, kultury, religii)<\/li>\n<li>nieletnich, kt\u00f3rzy popadli w konflikt z prawem (prawo do obrony, zakaz kary \u015bmierci i do\u017cywotniego wi\u0119zienia).<\/li>\n<\/ul>\n<p>Konwencja o Prawach Dziecka sk\u0142ada si\u0119 z preambu\u0142y i tekstu stanowi\u0105cego, kt\u00f3ry zawiera 54 artyku\u0142y. W preambule okre\u015blono og\u00f3lne za\u0142o\u017cenia praw dziecka. Tekst stanowi\u0105cy jest podzielony na trzy cz\u0119\u015bci.<\/p>\n<ul>\n<li>Cz\u0119\u015b\u0107 pierwsza zawiera 41 artyku\u0142\u00f3w dotycz\u0105cych zobowi\u0105za\u0144 pa\u0144stwa w zakresie realizowania poszczeg\u00f3lnych praw.<\/li>\n<li>Cz\u0119\u015b\u0107 druga (art. 42-45) mie\u015bci postanowienia okre\u015blaj\u0105ce spos\u00f3b egzekwowania i kontrolowania zobowi\u0105za\u0144 pa\u0144stwa<\/li>\n<li>Cz\u0119\u015b\u0107 trzecia (art. 46-54) okre\u015bla zasady przyst\u0105pienia do Konwencji przez kolejne pa\u0144stwa oraz ich ewentualn\u0105 rezygnacj\u0119.<\/li>\n<\/ul>\n<p>Z uwagi na nasze uwarunkowania kulturowe i prawne Polska, ratyfikuj\u0105c Konwencj\u0119, wnios\u0142a dwa zastrze\u017cenia: dopuszcza si\u0119 zachowanie tajemnicy pochodzenia dziecka w przypadku adopcji (art. 7), co w pewnym sensie oznacza ograniczenie prawa dziecka do znajomo\u015bci swojego pochodzenia biologicznego, oraz nie dopuszcza rekrutowania do wojska poni\u017cej 18 roku \u017cycia, a nie jak w Konwencji, kt\u00f3ra t\u0119 granic\u0119 okre\u015bla na 15 lat.<\/p>\n<p>Ponadto Polska z\u0142o\u017cy\u0142a dwie deklaracje maj\u0105ce swoje \u017ar\u00f3d\u0142o w uwarunkowaniach kulturowych; w odniesieniu do art. 12-16 nasza deklaracja brzmi:\u00a0Wykonywanie przez dziecko jego praw okre\u015blonych w Konwencji dokonuje si\u0119 z poszanowaniem w\u0142adzy rodzicielskiej, zgodnie z polskim zwyczajem i tradycjami dotycz\u0105cymi miejsca dziecka w rodzinie i poza ni\u0105\u00a0oraz:\u00a0Poradnictwo dla rodzic\u00f3w oraz wychowanie w zakresie planowania rodziny powinno pozostawa\u0107 w zgodzie z zasadami moralno\u015bci.<\/p>\n<p>Ka\u017cde z ponad 190 pa\u0144stw, kt\u00f3re do tej pory ratyfikowa\u0142y Konwencj\u0119, zobowi\u0105zano do zdawania ONZ co pi\u0119\u0107 lat sprawozdania z wykonywania jej postanowie\u0144. Pierwsze sprawozdania sk\u0142ada si\u0119 po dw\u00f3ch latach funkcjonowania Konwencji. W przypadku Polski by\u0142 to 1993 r., kiedy do Komitetu Praw Dziecka Narod\u00f3w Zjednoczonych wys\u0142ali\u015bmy kilkusetstronicowy dokument, z kt\u00f3rego wynika\u0142o, \u017ce prawa dziecka w Polsce s\u0105 przestrzegane.<\/p>\n<p>W naszym kraju do\u015b\u0107 dobrze s\u0105 np. wype\u0142niane zapisy art. 42 Konwencji m\u00f3wi\u0105ce, \u017ce\u00a0Pa\u0144stwa-Strony zobowi\u0105zuj\u0105 si\u0119 do szerzenia informacji o zasadach i postanowieniach niniejszej Konwencji zar\u00f3wno w\u015br\u00f3d doros\u0142ych, jak i dzieci, wykorzystuj\u0105c do tego celu b\u0119d\u0105ce w ich dyspozycji \u015brodki.<\/p>\n<h3 style=\"text-align: center;\">Prawa cz\u0142owieka &#8211; prawa dziecka<\/h3>\n<h4>Artyku\u0142 72 Konstytucji Rzeczpospolitej Polskiej z 2 kwietnia 1997 r. m\u00f3wi:<\/h4>\n<p>Rzeczpospolita Polska zapewnia ochron\u0119 praw dziecka. Ka\u017cdy ma prawo \u017c\u0105da\u0107 od organ\u00f3w w\u0142adzy publicznej ochrony dziecka przed przemoc\u0105, okrucie\u0144stwem, wyzyskiem i demoralizacj\u0105<br \/>\nDziecko pozbawione opieki rodzicielskiej ma prawo do opieki i pomocy w\u0142adz i plac\u00f3wek publicznych<br \/>\nW toku ustalania praw dziecka organy w\u0142adzy publicznej oraz osoby odpowiedzialne za dziecko s\u0105 obowi\u0105zane do wys\u0142uchania i w miar\u0119 mo\u017cliwo\u015bci uwzgl\u0119dniania zdania dziecka<br \/>\nZnajomo\u015b\u0107 praw cz\u0142owieka pomo\u017ce nam w przestrzeganiu i respektowaniu praw dziecka, kt\u00f3re podlega w polskim i \u015bwiatowym ustawodawstwie szczeg\u00f3lnej ochronie. Warto si\u0119 zastanowi\u0107, jakie jest usytuowanie praw dziecka w og\u00f3lnej koncepcji nauki o prawach cz\u0142owieka.<\/p>\n<p>Najlepiej mo\u017cna zrozumie\u0107 prawa dziecka poprzez do\u015bwiadczanie ich w \u017cyciu codziennym. Realizuj\u0105c zasad\u0119, \u017ce nie ma odpowiedzialno\u015bci bez mo\u017cliwo\u015bci wsp\u00f3\u0142decydowania, powinno si\u0119 pozwala\u0107 dzieciom wsp\u00f3\u0142tworzy\u0107 model trudnych sytuacji w grupie. Wprowadzanie dziecka w \u015bwiat jego praw mo\u017cliwe jest poprzez wykorzystanie znanej literatury, kt\u00f3ra bawi\u0105c, jednocze\u015bnie uczy. Wsp\u00f3\u0142czesnym dzieciom, cierpi\u0105cym cz\u0119sto na zaburzenia emocjonalne, nale\u017cy stwarza\u0107 sytuacje do wyra\u017cania siebie, swoich uczu\u0107 i my\u015bli. Warto do\u0142o\u017cy\u0107 stara\u0144, aby dzieci mog\u0142y prze\u017cywa\u0107 ka\u017cdy dzie\u0144 w rado\u015bci. Radosna atmosfera bowiem jest konieczna do rozwoju, radosne twarze dzieci s\u0105 motorem i zach\u0119t\u0105 dla dalszych dzia\u0142a\u0144 nauczyciela. Konwencja praw dziecka przypomina r\u00f3wnie\u017c znaczenie rodziny dla harmonijnego rozwoju dziecka, znaczenie specjalnej opieki i edukacji dla dzieci z deficytami rozwojowymi, wag\u0119 tradycji i warto\u015bci kulturowych ka\u017cdego narodu dla rozwoju dziecka. Edukacja w zakresie praw dziecka jest nauk\u0105 o prawach dziecka, ale przede wszystkim nauk\u0105 na rzecz praw dziecka. Oznacza to, \u017ce w przedszkolu wyposa\u017caj\u0105c dzieci w odpowiednie umiej\u0119tno\u015bci, wiedz\u0119 oraz postawy u\u015bwiadamiamy im jak wa\u017cne s\u0105 prawa dziecka, dlaczego powinny by\u0107 przestrzegane i chronione. Zaj\u0119cia dotycz\u0105ce praw dziecka powinny wyposa\u017ca\u0107 je w takie umiej\u0119tno\u015bci jak: s\u0142uchanie innych, wsp\u00f3\u0142praca, przestrzeganie zasad dobrej komunikacji, pr\u00f3by rozwi\u0105zywania problem\u00f3w moralnych. Umiej\u0119tno\u015bci te pomog\u0105 dzieciom m.in. w:<\/p>\n<ul>\n<li>analizowaniu otaczaj\u0105cego je \u015bwiata<\/li>\n<li>zrozumieniu, \u017ce prawa cz\u0142owieka s\u0105 sposobem na popraw\u0119 ich \u017cycia oraz \u017cycia innych ludzi<\/li>\n<li>podejmowaniu dzia\u0142a\u0144 na rzecz cz\u0142owieka w przysz\u0142o\u015bci<\/li>\n<\/ul>\n<p>Najskuteczniejsze w zakresie edukacji praw dziecka b\u0119d\u0105 metody aktywne (interaktywne), poniewa\u017c mo\u017cna je zrozumie\u0107 poprzez do\u015bwiadczanie ich w \u017cyciu codziennym. Ka\u017cdy dzie\u0144 w przedszkolu dostarcza dziecku prze\u017cy\u0107, kt\u00f3re pomog\u0105 mu w zrozumieniu takich poj\u0119\u0107 jak: tolerancja, sprawiedliwo\u015b\u0107, uczciwo\u015b\u0107, prawda.<\/p>\n<h3 style=\"text-align: center;\">Metody pracy u\u0142atwiaj\u0105ce realizacj\u0119 problematyki praw dziecka w przedszkolu<\/h3>\n<ul>\n<li>Normy grupowe \u2013 jest to rodzaj umowy spo\u0142ecznej okre\u015blaj\u0105cej zasady funkcjonowania grupowego. Mog\u0105 mie\u0107 charakter og\u00f3lny lub szczeg\u00f3\u0142owy okre\u015blaj\u0105cy r\u00f3wnie\u017c system kar za ich nieprzestrzeganie<\/li>\n<li>Scenki dramowe &#8211; ich odgrywanie jest form\u0105 kr\u00f3tkiego, improwizowanego przedstawienia odgrywanego przez dzieci, przygotowanego zazwyczaj pomoc\u00b1 nauczyciela. Drama mo\u017ce pom\u00f3c dzieciom w zrozumieniu danej sytuacji i u\u0142atwi\u0107 wczucie si\u0119 w po\u0142o\u017cenie bohater\u00f3w scenki<\/li>\n<li>Praca w parach i grupach &#8211; mo\u017ce da\u0107 dzieciom wi\u0119cej okazji do aktywnego udzia\u0142u, pary lub grupy mog\u0105 wymy\u015bli\u0107 wiele pomys\u0142\u00f3w w kr\u00f3tkim czasie lub pom\u00f3c dzieciom w zrozumieniu poj\u0119\u0107 abstrakcyjnych<\/li>\n<li>Odmiana burzy m\u00f3zg\u00f3w polegaj\u0105ca na zadawaniu pyta\u0144 w formie quizu mo\u017cemy j\u0105 zastosowa\u0107 na podsumowanie zaj\u0119\u0107 dotycz\u0105cych praw dziecka<\/li>\n<li>Rysowanie lub inna forma ekspresji plastycznej \u2013 metoda ta mo\u017ce by\u0107 stosowana celem rozwini\u0119cia takich umiej\u0119tno\u015bci jak: wsp\u00f3\u0142praca w zespole, poznanie odczu\u0107, reakcji czy potrzeb innych<\/li>\n<li>Opowiadania, bajki lub historyjki z ca\u0142ego \u015bwiata \u2013 inspiruj\u0105, poszerzaj\u0105 zas\u00f3b s\u0142\u00f3w i wiedz\u0119 dzieci na temat warunk\u00f3w \u017cycia w r\u00f3\u017cnych krajach, pozwalaj\u0105 dostrzec r\u00f3\u017cnice i podobie\u0144stwa mi\u0119dzy lud\u017ami.<\/li>\n<\/ul>\n<p>Nieugi\u0119tym obro\u0144c\u0105 praw dziecka jako cz\u0142owieka by\u0142 Henryk Goldszmit znany nam pod pseudonimem Janusza Korczaka. Z naczelnej zasady przyj\u0119tej przez Korczaka, i\u017c dziecko jest cz\u0142owiekiem, wynika ustawiczna troska o wci\u0105\u017c gwa\u0142cone przez doros\u0142ych prawa. Spo\u015br\u00f3d wielu praw dziecka, o kt\u00f3rych pisa\u0142 i m\u00f3wi\u0142 i o kt\u00f3re walczy\u0142, jako zasadnicze wymienia:<\/p>\n<ul>\n<li>Prawo do szacunku \u2013 najbardziej lekcewa\u017cone i najmniej popularne we wsp\u00f3\u0142czesnym \u015bwiecie. Korczak apelowa\u0142 do doros\u0142ych i domaga\u0142 si\u0119 szacunku dla dziecka \u2013 cz\u0142owieka. Szacunku dla jego niewiedzy, dla wysi\u0142ku poznawania , dla jego skromnej warto\u015bci, szacunku dla tajemnic i waha\u0144, ci\u0119\u017ckiej pracy wzrostu, dla bie\u017c\u0105cej godziny, w kt\u00f3rej \u017cyje dziecko.<\/li>\n<li>Prawo do niewiedzy \u2013 dla kilkuletniego dziecka nie wszystko jest proste i jasne jak nam si\u0119 wydaje. Potrzeba wielkiej wyrozumia\u0142o\u015bci i cierpliwo\u015bci wobec nieko\u0144cz\u0105cych si\u0119 pyta\u0144 dzieci, one maj\u0105 do tego prawo, gdy\u017c otaczaj\u0105cy je \u015bwiat jest nieznany. Wiele b\u0142\u0119d\u00f3w w ich post\u0119powaniu wynika z niewiedzy.<\/li>\n<li>Prawo do niepowodze\u0144 i \u0142ez \u2013 gniew, z\u0142o\u015b\u0107, etykietki, oskar\u017cenia za niepowodzenia dziecka wywo\u0142uj\u0105 u niego agresj\u0119 i p\u0142acz, ale s\u0105 to \u201e\u0142zy niemocy i buntu, rozpaczliwy wysi\u0142ek protestu, wo\u0142anie o pomoc (\u2026) objaw z\u0142ego samopoczucia a zawsze cierpienia.<\/li>\n<li>Prawo do upadk\u00f3w \u2013 obcuj\u0105c na co dzie\u0144 z dzie\u0107mi, nie powinno nas dziwi\u0107, \u017ce dzieci upadaj\u0105 czy grzesz\u0105. Wychowawca uznaj\u0105c prawo do upadk\u00f3w, akceptuj\u0105c b\u0142\u0119dy podopiecznych musi pami\u0119ta\u0107, \u017ce jego obowi\u0105zkiem jest obserwowanie zachowania, wyja\u015bnianie przyczyn nieprawid\u0142owo\u015bci<\/li>\n<li>Prawo do w\u0142asno\u015bci \u2013 poszanowanie prawa do w\u0142asno\u015bci jest konieczne zar\u00f3wno ze strony nauczycieli jak i rodzic\u00f3w. Program w swych zamierzeniach z zakresu spo\u0142eczno- moralnego podkre\u015bla wa\u017cno\u015b\u0107 poszanowania wytwor\u00f3w pracy w\u0142asnej i innych. Realizuj\u0105c te tre\u015bci uczymy dzieci, \u017ce maj\u0105 prawo do w\u0142asno\u015bci, ale te\u017c powinny je respektowa\u0107 wobec ka\u017cdego kolegi.<\/li>\n<li>Prawo do tajemnicy \u2013 dzieci w przedszkolu ju\u017c nawet te najm\u0142odsze maj\u0105 swoje tajemnice osobiste, rodzinne czy kole\u017ce\u0144skie. Dziecko w swej szczero\u015bci cz\u0119sto dzieli si\u0119 nimi z innymi. Nauczyciel szanuj\u0105cy jego tajemnic\u0119 powinien uczy\u0107 swoj\u0105 postaw\u0105, \u017ce s\u0105 sprawy, o kt\u00f3rych dziecko nie powinno m\u00f3wi\u0107 wszystkim<\/li>\n<li>Prawo do rado\u015bci \u2013 wiele zaj\u0119\u0107 przedszkolnych ma w swoich za\u0142o\u017ceniach budzenie i rozwijanie poczucia szcz\u0119\u015bcia. Umiej\u0119tno\u015b\u0107 odczuwania rado\u015bci wydaje si\u0119 cech\u0105 lub nastawieniem, kt\u00f3re towarzyszy nam od dzieci\u0144stwa. Warto podkre\u015bli\u0107 fakt, \u017ce pocz\u0105tkiem wszelkiego szcz\u0119\u015bcia i rozwoju jest radosna samoakceptacja w my\u015bl wsp\u00f3\u0142czesnej psychologii:\u00a0musz\u0119 nauczy\u0107 si\u0119 cieszy\u0107 z tego, \u017ce jestem sob\u0105.<\/li>\n<li>Prawo do wypowiadania swoich my\u015bli i uczu\u0107- wed\u0142ug Korczaka jest to pierwsze i podstawowe prawo a \u0142amanie jego jest wielk\u0105 krzywd\u0105 wyrz\u0105dzon\u0105 dziecku, kt\u00f3r\u0105 trudno naprawi\u0107.<\/li>\n<li>Prawo do dnia dzisiejszego \u2013 dziecko \u017cyje tera\u017aniejszo\u015bci\u0105, z braku do\u015bwiadcze\u0144 \u017cyje bie\u017c\u0105c\u0105 chwil\u0105. Wszystko co by\u0142o w przesz\u0142o\u015bci, czy dopiero ma nadej\u015b\u0107 jest dla niego legend\u0105.<\/li>\n<\/ul>\n<h4>Realizacja wszystkich praw dziecka ma zapewni\u0107 mu minimum komfortu psychicznego niezb\u0119dnego do maksymalnego rozwoju.<\/h4>\n<p style=\"text-align: right;\">opracowano na podstawie:<\/p>\n<p style=\"text-align: right;\">Janusz Korczak (1957) Pisma wybrane tom I. Nasza Ksi\u0119garnia. Warszawa<\/p>\n<h3 style=\"text-align: center;\">Ku refleksji desiderata<\/h3>\n<p style=\"text-align: center;\">Krocz spokojnie w\u015br\u00f3d zgie\u0142ku i po\u015bpiechu &#8211; pami\u0119taj jaki pok\u00f3j mo\u017ce by\u0107 w ciszy. Tak, to mo\u017cliwe, nie wyrzekaj\u0105c si\u0119 siebie, by\u0107 w dobrych stosunkach z innymi lud\u017ami.<\/p>\n<p style=\"text-align: center;\">Prawd\u0119 sw\u0105 g\u0142o\u015b spokojnie i jasno, s\u0142uchaj te\u017c tego co m\u00f3wi\u0105 inni, nawet g\u0142upcy i ignoranci, oni te\u017c maj\u0105 swoj\u0105 opowie\u015b\u0107.<\/p>\n<p style=\"text-align: center;\">Je\u015bli por\u00f3wnujesz si\u0119 z innymi, mo\u017cesz sta\u0107 si\u0119 pr\u00f3\u017cny lub zgorzknia\u0142y, albowiem zawsze b\u0119d\u0105 lepsi i gorsi od ciebie.\u00a0Ciesz si\u0119 zar\u00f3wno swoimi osi\u0105gni\u0119ciami jak i planami. Wykonuj z sercem sw\u0105 prac\u0119, jakakolwiek by by\u0142a skromna. Jest ona trwa\u0142\u0105 warto\u015bci\u0105 w zmiennych kolejach losu.<\/p>\n<p style=\"text-align: center;\">Zachowaj ostro\u017cno\u015b\u0107 w swych przedsi\u0119wzi\u0119ciach &#8211; \u015bwiat bowiem pe\u0142en jest oszustwa. Lecz niech ci to nie przes\u0142ania prawdziwej cnoty, wielu ludzi d\u0105\u017cy do wznios\u0142ych idea\u0142\u00f3w i wsz\u0119dzie \u017cycie pe\u0142ne jest heroizmu.<\/p>\n<p style=\"text-align: center;\">B\u0105d\u017a sob\u0105, a zw\u0142aszcza nie zwalczaj uczu\u0107: nie b\u0105d\u017a cyniczny wobec mi\u0142o\u015bci, albowiem w obliczu wszelkiej osch\u0142o\u015bci i rozczarowa\u0144 jest ona wieczna jak trawa.<\/p>\n<p style=\"text-align: center;\">Przyjmuj pogodnie to co lata nios\u0105, bez goryczy wyrzekaj\u0105c si\u0119 przymiot\u00f3w m\u0142odo\u015bci.\u00a0Rozwijaj si\u0142\u0119 ducha, by w nag\u0142ym nieszcz\u0119\u015bciu mog\u0142a by\u0107 tarcz\u0105 dla ciebie. Lecz nie dr\u0119cz si\u0119 tworami wyobra\u017ani. Wiele obaw rodzi si\u0119 ze znu\u017cenia i samotno\u015bci. Obok zdrowej dyscypliny b\u0105d\u017a \u0142agodny dla siebie.<\/p>\n<p style=\"text-align: center;\">Jeste\u015b dzieckiem wszech\u015bwiata, nie mniej ni\u017c gwiazdy i drzewa masz prawo by\u0107 tutaj i czy to jest dla ciebie jasne czy nie, nie w\u0105tp, \u017ce wszech\u015bwiat jest taki jaki by\u0107 powinien.\u00a0Tak wi\u0119c b\u0105d\u017a w pokoju z Bogiem cokolwiek my\u015blisz o jego istnieniu i czymkolwiek si\u0119 zajmujesz i jakiekolwiek s\u0105 twe pragnienia: w zgie\u0142ku ulicznym, w zam\u0119cie \u017cycia zachowaj pok\u00f3j ze sw\u0105 dusz\u0105.<\/p>\n<p style=\"text-align: center;\">Z ca\u0142ym swym zak\u0142amaniem, znojem i rozwianymi marzeniami ci\u0105gle jeszcze ten \u015bwiat jest pi\u0119kny.\u00a0B\u0105d\u017a uwa\u017cny, staraj si\u0119 by\u0107 szcz\u0119\u015bliwym.<\/p>\n<p>&nbsp;<\/p>\n<hr \/>\n<h3>Pliki do pobrania<\/h3>\n<p><a href=\"https:\/\/przedszkole110.edu.wroclaw.pl\/wp-content\/uploads\/sites\/84\/2024\/08\/wychowanie_dla_wartosci-normy_spoleczne_w_przedszkolu.docx\" target=\"_blank\" rel=\"noopener\">Wychowanie dla wartosci- normy spoleczne w przedszkolu.docx (31.13 KB)<\/a><\/p>\n<p><a href=\"https:\/\/przedszkole110.edu.wroclaw.pl\/wp-content\/uploads\/sites\/84\/2024\/08\/konwencja_praw_dziecka.pdf\" target=\"_blank\" rel=\"noopener\">Konwencja-Praw-Dziecka.pdf (1.83 MB)<\/a><\/p>\n","protected":false},"excerpt":{"rendered":"<p>Konwencja Praw Dziecka Musimy budowa\u0107 \u015bwiat w kt\u00f3rym \u017cadne dziecko nie b\u0119dzie pozbawione prawa do \u017cycia w pokoju i bezpiecze\u0144stwie, w trwa\u0142ej rodzinie, prawa do wzrastania w atmosferze wolnej od [&hellip;]<\/p>\n","protected":false},"author":7,"featured_media":0,"parent":0,"menu_order":0,"comment_status":"closed","ping_status":"closed","template":"","meta":{"footnotes":""},"class_list":["post-410","page","type-page","status-publish","hentry","clearfix"],"_links":{"self":[{"href":"https:\/\/przedszkole110.edu.wroclaw.pl\/index.php\/wp-json\/wp\/v2\/pages\/410","targetHints":{"allow":["GET"]}}],"collection":[{"href":"https:\/\/przedszkole110.edu.wroclaw.pl\/index.php\/wp-json\/wp\/v2\/pages"}],"about":[{"href":"https:\/\/przedszkole110.edu.wroclaw.pl\/index.php\/wp-json\/wp\/v2\/types\/page"}],"author":[{"embeddable":true,"href":"https:\/\/przedszkole110.edu.wroclaw.pl\/index.php\/wp-json\/wp\/v2\/users\/7"}],"replies":[{"embeddable":true,"href":"https:\/\/przedszkole110.edu.wroclaw.pl\/index.php\/wp-json\/wp\/v2\/comments?post=410"}],"version-history":[{"count":3,"href":"https:\/\/przedszkole110.edu.wroclaw.pl\/index.php\/wp-json\/wp\/v2\/pages\/410\/revisions"}],"predecessor-version":[{"id":420,"href":"https:\/\/przedszkole110.edu.wroclaw.pl\/index.php\/wp-json\/wp\/v2\/pages\/410\/revisions\/420"}],"wp:attachment":[{"href":"https:\/\/przedszkole110.edu.wroclaw.pl\/index.php\/wp-json\/wp\/v2\/media?parent=410"}],"curies":[{"name":"wp","href":"https:\/\/api.w.org\/{rel}","templated":true}]}}